{"id":3747,"date":"2024-06-16T01:34:43","date_gmt":"2024-06-16T04:34:43","guid":{"rendered":"https:\/\/unomed.com.br\/unomedsp\/produto\/curativo-hidrocoloide-10x10-extra-fino-caixa-com-10-unidades\/"},"modified":"2025-08-25T16:05:11","modified_gmt":"2025-08-25T19:05:11","slug":"curativo-hidrocoloide-10x10-extra-fino-caixa-com-10-unidades","status":"publish","type":"product","link":"https:\/\/unomed.com.br\/unomedsp\/produto\/curativo-hidrocoloide-10x10-extra-fino-caixa-com-10-unidades\/","title":{"rendered":"Curativo Hidrocoloide 10&#215;10 Extra fino caixa com 10 unidades"},"content":{"rendered":"<p><span style=\"color: #333333; font-family: corisandelightregular;\"><span style=\"font-size: 14px;\"><strong>Embalagem:<\/strong> Caixa C\/10 unidades<\/span><\/span><\/p>\n<p><span style=\"color: #333333; font-family: corisandelightregular;\"><span style=\"font-size: 14px;\">\u00a0<\/span><\/span><span style=\"color: #333333; font-family: corisandelightregular;\"><span style=\"font-size: 14px;\">O KANGLI DERM Extrafino \u00e9 um curativo hidrocoloide, el\u00e1stico e est\u00e9ril composto de CMC (Carboximetilcelulose S\u00f3dica), gelatina, pectina e recoberto por uma pel\u00edcula semiperme\u00e1vel de poliuretano.<\/span><\/span><\/p>\n<p><span style=\"color: #333333; font-family: corisandelightregular;\"><span style=\"font-size: 14px;\">O Kangli Derm Extrafino pode ser utilizado no tratamento de feridas com exsudato leve ou moderado (\u00falceras de press\u00e3o e de perna, queimaduras superficiais, feridas p\u00f3s-operat\u00f3rias e abras\u00f5es na pele).<\/span><\/span><\/p>\n<p><span style=\"color: #333333; font-family: corisandelightregular;\"><span style=\"font-size: 14px;\">Pode ser utilizado como curativo prim\u00e1rio ou secund\u00e1rio, devido a sua caracter\u00edstica autoaderente.<\/span><\/span><\/p>\n<p><span style=\"color: #333333; font-family: corisandelightregular;\"><span style=\"font-size: 14px;\">\u00a0<\/span><\/span><\/p>\n<p><strong><span style=\"color: #333333; font-family: corisandelightregular;\"><span style=\"font-size: 14px;\">CARACTER\u00cdSTICAS<\/span><\/span><\/strong><\/p>\n<p><span style=\"color: #333333; font-family: corisandelightregular;\"><span style=\"font-size: 14px;\">Modelo extrafino com 0,5mm de espessura.<\/span><\/span><\/p>\n<p><span style=\"color: #333333; font-family: corisandelightregular;\"><span style=\"font-size: 14px;\">El\u00e1stico para remo\u00e7\u00e3o sem dor e sem perda de tecido.<\/span><\/span><\/p>\n<p><span style=\"color: #333333; font-family: corisandelightregular;\"><span style=\"font-size: 14px;\">Dispon\u00edvel em v\u00e1rios modelos e tamanhos.<\/span><\/span><\/p>\n<p><span style=\"color: #333333; font-family: corisandelightregular;\"><span style=\"font-size: 14px;\">Permite a respira\u00e7\u00e3o da pele.<\/span><\/span><\/p>\n<p><span style=\"color: #333333; font-family: corisandelightregular;\"><span style=\"font-size: 14px;\">Barreira contra bact\u00e9rias.<\/span><\/span><\/p>\n<p><span style=\"color: #333333; font-family: corisandelightregular;\"><span style=\"font-size: 14px;\">Tamanho: 10cm x 10cm.<\/span><\/span><\/p>\n<p><span style=\"color: #333333; font-family: corisandelightregular;\"><span style=\"font-size: 14px;\">Est\u00e9ril.<\/span><\/span><\/p>\n","protected":false},"excerpt":{"rendered":"<p>Curativo Hidrocoloide 10&#215;10 Extra fino caixa com 10 unidades<\/p>\n","protected":false},"featured_media":3748,"comment_status":"open","ping_status":"closed","template":"","meta":[],"product_brand":[],"product_cat":[68],"product_tag":[162,164,163],"class_list":{"0":"post-3747","1":"product","2":"type-product","3":"status-publish","4":"has-post-thumbnail","6":"product_cat-curativos","7":"product_tag-curativo","8":"product_tag-curativo-hidrocoloide","9":"product_tag-curativos","11":"first","12":"instock","13":"featured","14":"shipping-taxable","15":"purchasable","16":"product-type-simple"},"_links":{"self":[{"href":"https:\/\/unomed.com.br\/unomedsp\/wp-json\/wp\/v2\/product\/3747","targetHints":{"allow":["GET"]}}],"collection":[{"href":"https:\/\/unomed.com.br\/unomedsp\/wp-json\/wp\/v2\/product"}],"about":[{"href":"https:\/\/unomed.com.br\/unomedsp\/wp-json\/wp\/v2\/types\/product"}],"replies":[{"embeddable":true,"href":"https:\/\/unomed.com.br\/unomedsp\/wp-json\/wp\/v2\/comments?post=3747"}],"wp:featuredmedia":[{"embeddable":true,"href":"https:\/\/unomed.com.br\/unomedsp\/wp-json\/wp\/v2\/media\/3748"}],"wp:attachment":[{"href":"https:\/\/unomed.com.br\/unomedsp\/wp-json\/wp\/v2\/media?parent=3747"}],"wp:term":[{"taxonomy":"product_brand","embeddable":true,"href":"https:\/\/unomed.com.br\/unomedsp\/wp-json\/wp\/v2\/product_brand?post=3747"},{"taxonomy":"product_cat","embeddable":true,"href":"https:\/\/unomed.com.br\/unomedsp\/wp-json\/wp\/v2\/product_cat?post=3747"},{"taxonomy":"product_tag","embeddable":true,"href":"https:\/\/unomed.com.br\/unomedsp\/wp-json\/wp\/v2\/product_tag?post=3747"}],"curies":[{"name":"wp","href":"https:\/\/api.w.org\/{rel}","templated":true}]}}