{"id":3415,"date":"2024-06-16T01:32:56","date_gmt":"2024-06-16T04:32:56","guid":{"rendered":"https:\/\/unomed.com.br\/unomedsp\/produto\/canula-para-traqueostomia-com-balao-n-65-caixa-com-10\/"},"modified":"2024-09-17T14:02:20","modified_gmt":"2024-09-17T17:02:20","slug":"canula-para-traqueostomia-com-balao-n-65-caixa-com-10","status":"publish","type":"product","link":"https:\/\/unomed.com.br\/unomedsp\/produto\/canula-para-traqueostomia-com-balao-n-65-caixa-com-10\/","title":{"rendered":"C\u00e2nula para traqueostomia com bal\u00e3o n. 6,5 caixa com 10"},"content":{"rendered":"<p>C\u00e2nula para traqueostomia com bal\u00e3o n. 6,5\u00a0 caixa com\u00a0 10<\/p>\n<p>&nbsp;<\/p>\n<p><span style=\"font-size: 13px;\">A C\u00e2nula para Traqueostomia com Bal\u00e3o Well Lead propicia a manuten\u00e7\u00e3o da via respirat\u00f3ria de pacientes com traqueostomia para acesso direto \u00e0 \u00e1rvore traqueobr\u00f4nquica para a ventila\u00e7\u00e3o e remo\u00e7\u00e3o de secre\u00e7\u00f5es.<\/span><\/p>\n<p><span style=\"font-size: 13px;\">\u00a0<\/span><\/p>\n<p><span style=\"font-size: 13px;\">A C\u00e2nula para Traqueostomia Well Lead com Bal\u00e3o \u00e9 indicada para uso nas seguintes condi\u00e7\u00f5es:<\/span><\/p>\n<p><span style=\"font-size: 13px;\">\u00a0<\/span><\/p>\n<p><span style=\"font-size: 13px;\">&#8211; Quando procedimentos simples de ventila\u00e7\u00e3o se revelam inadequados (m\u00e1scara de oxig\u00eanio, cateter nasal, intuba\u00e7\u00e3o endotraqueal);<\/span><\/p>\n<p><span style=\"font-size: 13px;\">&#8211; Para acesso direto \u00e0 \u00e1rvore traqueobronquial para a remo\u00e7\u00e3o de secre\u00e7\u00f5es;<\/span><\/p>\n<p><span style=\"font-size: 13px;\">&#8211; Substitui\u00e7\u00e3o ao uso prolongado de sondas endotraqueais;<\/span><\/p>\n<p><span style=\"font-size: 13px;\">&#8211; Para aspira\u00e7\u00e3o de alimento na \u00e1rvore traqueobronquial em pacientes com doen\u00e7as neurol\u00f3gicas incontrol\u00e1veis.<\/span><\/p>\n","protected":false},"excerpt":{"rendered":"<p>C\u00e2nula para traqueostomia<\/p>\n","protected":false},"featured_media":3416,"comment_status":"open","ping_status":"closed","template":"","meta":[],"product_brand":[],"product_cat":[64],"product_tag":[92],"class_list":{"0":"post-3415","1":"product","2":"type-product","3":"status-publish","4":"has-post-thumbnail","6":"product_cat-canuca","7":"product_tag-canula","9":"first","10":"instock","11":"shipping-taxable","12":"purchasable","13":"product-type-simple"},"_links":{"self":[{"href":"https:\/\/unomed.com.br\/unomedsp\/wp-json\/wp\/v2\/product\/3415","targetHints":{"allow":["GET"]}}],"collection":[{"href":"https:\/\/unomed.com.br\/unomedsp\/wp-json\/wp\/v2\/product"}],"about":[{"href":"https:\/\/unomed.com.br\/unomedsp\/wp-json\/wp\/v2\/types\/product"}],"replies":[{"embeddable":true,"href":"https:\/\/unomed.com.br\/unomedsp\/wp-json\/wp\/v2\/comments?post=3415"}],"wp:featuredmedia":[{"embeddable":true,"href":"https:\/\/unomed.com.br\/unomedsp\/wp-json\/wp\/v2\/media\/3416"}],"wp:attachment":[{"href":"https:\/\/unomed.com.br\/unomedsp\/wp-json\/wp\/v2\/media?parent=3415"}],"wp:term":[{"taxonomy":"product_brand","embeddable":true,"href":"https:\/\/unomed.com.br\/unomedsp\/wp-json\/wp\/v2\/product_brand?post=3415"},{"taxonomy":"product_cat","embeddable":true,"href":"https:\/\/unomed.com.br\/unomedsp\/wp-json\/wp\/v2\/product_cat?post=3415"},{"taxonomy":"product_tag","embeddable":true,"href":"https:\/\/unomed.com.br\/unomedsp\/wp-json\/wp\/v2\/product_tag?post=3415"}],"curies":[{"name":"wp","href":"https:\/\/api.w.org\/{rel}","templated":true}]}}