{"id":3291,"date":"2024-06-16T01:32:15","date_gmt":"2024-06-16T04:32:15","guid":{"rendered":"https:\/\/unomed.com.br\/unomedsp\/produto\/sonda-retal-plastica-nr-06-siliconizada-com-10-unidades-foyomed\/"},"modified":"2024-06-21T12:34:45","modified_gmt":"2024-06-21T15:34:45","slug":"sonda-retal-plastica-nr-06-siliconizada-com-10-unidades-foyomed","status":"publish","type":"product","link":"https:\/\/unomed.com.br\/unomedsp\/produto\/sonda-retal-plastica-nr-06-siliconizada-com-10-unidades-foyomed\/","title":{"rendered":"Sonda retal plastica nr. 06 siliconizada com 10 unidades FOYOMED"},"content":{"rendered":"<p><span style=\"font-size: 13px;\">Sonda Retal Pl\u00e1stica &#8211; Medsonda &#8211; Pacote com 10<\/span><\/p>\n<p><span style=\"font-size: 13px;\"><br \/><\/span><\/p>\n<p><span style=\"font-size: 13px;\">Especifica\u00e7\u00e3o T\u00e9cnica:<\/span><\/p>\n<p><span style=\"font-size: 13px;\">*Policloreto de Vinila (PVC).<\/span><\/p>\n<p><span style=\"font-size: 13px;\">*Comprimento: 40 cm<\/span><\/p>\n<p><span style=\"font-size: 13px;\">*1 orif\u00edcios lateral, ponta aberta.<\/span><\/p>\n<p><span style=\"font-size: 13px;\">*Est\u00e9ril: Esterilizado a \u00d3xido de Etileno.<\/span><\/p>\n<p><span style=\"font-size: 13px;\"><br \/><\/span><\/p>\n<p><span style=\"font-size: 13px;\">Advert\u00eancias e Precau\u00e7\u00f5es:<\/span><\/p>\n<p><span style=\"font-size: 13px;\">*A escolha e as orienta\u00e7\u00f5es quanto ao uso das sondas devem ser feitas pelo m\u00e9dico;<\/span><\/p>\n<p><span style=\"font-size: 13px;\">*Este produto destina-se a ser utilizado por profissionais habilitados e devidamente treinados na t\u00e9cnica pr\u00f3pria a ser utilizada.<\/span><\/p>\n<p><span style=\"font-size: 13px;\">*Produto de uso \u00fanico. Proibido Reprocessar.<\/span><\/p>\n<p><span style=\"font-size: 13px;\">*Verificar o prazo de validade do produto antes de sua utiliza\u00e7\u00e3o.<\/span><\/p>\n<p><span style=\"font-size: 13px;\">*Utilizar o produto somente quando todos os componentes estiverem integralmente constitu\u00eddos, sem quebras, rebarbas, componentes soltos e sem presen\u00e7a de material estranho;<\/span><\/p>\n<p><span style=\"font-size: 13px;\">*Deve assegurar a compatibilidade de uso com seringas e irrigador;<\/span><\/p>\n<p><span style=\"font-size: 13px;\">*A embalagem deve estar perfeitamente lacrada, n\u00e3o podendo estar danificada, perfurada ou \u00famida.<\/span><\/p>\n<p><span style=\"font-size: 13px;\"><br \/><\/span><\/p>\n<p><span style=\"font-size: 13px;\">Indica\u00e7\u00e3o de Uso:<\/span><\/p>\n<p><span style=\"font-size: 13px;\">*Tem a finalidade de aliviar a tens\u00e3o provocada por gases e l\u00edquidos no intestino grosso, utiliz\u00e1vel tamb\u00e9m para retirada de conte\u00fado fecal mediante enemas. O tempo de perman\u00eancia da sonda no paciente n\u00e3o deve exceder o limite de 6 horas.<\/span><\/p>\n<p><span style=\"font-size: 13px;\"><br \/><\/span><\/p>\n<p><span style=\"font-size: 13px;\">Registro Anvisa: 80163570004<\/span><\/p>\n","protected":false},"excerpt":{"rendered":"<p>Sonda retal plastica<\/p>\n","protected":false},"featured_media":3292,"comment_status":"open","ping_status":"closed","template":"","meta":[],"product_brand":[],"product_cat":[84],"product_tag":[214,251,216,215],"class_list":{"0":"post-3291","1":"product","2":"type-product","3":"status-publish","4":"has-post-thumbnail","6":"product_cat-sondas","7":"product_tag-sonda","8":"product_tag-sonda-retal","9":"product_tag-sonda-uretal","10":"product_tag-sondas","12":"first","13":"instock","14":"shipping-taxable","15":"purchasable","16":"product-type-simple"},"_links":{"self":[{"href":"https:\/\/unomed.com.br\/unomedsp\/wp-json\/wp\/v2\/product\/3291","targetHints":{"allow":["GET"]}}],"collection":[{"href":"https:\/\/unomed.com.br\/unomedsp\/wp-json\/wp\/v2\/product"}],"about":[{"href":"https:\/\/unomed.com.br\/unomedsp\/wp-json\/wp\/v2\/types\/product"}],"replies":[{"embeddable":true,"href":"https:\/\/unomed.com.br\/unomedsp\/wp-json\/wp\/v2\/comments?post=3291"}],"wp:featuredmedia":[{"embeddable":true,"href":"https:\/\/unomed.com.br\/unomedsp\/wp-json\/wp\/v2\/media\/3292"}],"wp:attachment":[{"href":"https:\/\/unomed.com.br\/unomedsp\/wp-json\/wp\/v2\/media?parent=3291"}],"wp:term":[{"taxonomy":"product_brand","embeddable":true,"href":"https:\/\/unomed.com.br\/unomedsp\/wp-json\/wp\/v2\/product_brand?post=3291"},{"taxonomy":"product_cat","embeddable":true,"href":"https:\/\/unomed.com.br\/unomedsp\/wp-json\/wp\/v2\/product_cat?post=3291"},{"taxonomy":"product_tag","embeddable":true,"href":"https:\/\/unomed.com.br\/unomedsp\/wp-json\/wp\/v2\/product_tag?post=3291"}],"curies":[{"name":"wp","href":"https:\/\/api.w.org\/{rel}","templated":true}]}}